{"id":12,"date":"2015-02-17T13:52:13","date_gmt":"2015-02-17T12:52:13","guid":{"rendered":"http:\/\/www2.slot-lions-abstatt.de\/wordpress\/?page_id=12"},"modified":"2016-05-21T02:22:20","modified_gmt":"2016-05-21T00:22:20","slug":"ueber-uns","status":"publish","type":"page","link":"http:\/\/www2.slot-lions-abstatt.de\/wordpress\/","title":{"rendered":"Die L\u00f6wen!"},"content":{"rendered":"<p style=\"text-align: center;\"><a href=\"http:\/\/www2.slot-lions-abstatt.de\/wordpress\/wp-content\/uploads\/2015\/03\/Lionshaupt.gif\"><img loading=\"lazy\" decoding=\"async\" class=\"aligncenter wp-image-61 size-medium\" src=\"http:\/\/www2.slot-lions-abstatt.de\/wordpress\/wp-content\/uploads\/2015\/03\/Lionshaupt-e1427404885940-206x300.gif\" alt=\"Lionshaupt\" width=\"206\" height=\"300\" \/><\/a><\/p>\n<p><span style=\"font-size: xx-large;\"><span style=\"font-family: Arial;\"><b>Sch\u00f6n, dass Ihr hier her gefunden habt!<\/b><\/span><\/span><\/p>\n<div><span style=\"font-family: Arial;\"><b>Wir sind eine Interessen Gemeinschaft (IG) in Abstatt bei Heilbronn, die sich als Ziel gesetzt hat in Ihrer Freizeit das Hobby Slotracing, das f\u00fcr viele auch unter dem Begriff Carrera Rennbahnfahren bekannt ist, zu betreiben, zu leben und dann noch ziemlich viel Spa\u00df dabei zu haben. Der Unterschied liegt aber darin, das wir unsere Fahrzeuge selbst bauen und das ganze etwas professioneller als nur &#8220;spielen&#8221; betreiben.<\/b><\/span><\/div>\n<p><span style=\"font-family: Arial;\"><b>Die meisten bel\u00e4cheln uns anfangs, aber das Interesse ist dann auch schon bald geweckt, wenn diese dann sehen was das Ganze auf sich hat. Da geht es n\u00e4mlich fast wie bei den &#8220;gro\u00dfen&#8221; Rennern der LMP, Formel 1, DTM usw. zur Sache. Vom Reifen bis zur kleinsten Schraube ist alles rennentscheidend um erfolgreich in einer Rennserie zu sein.<\/b><\/span><\/p>\n<p><span style=\"font-family: Arial;\"><b>Momentan nutzen wir die Privatbahn von Ralle, welche wir mit Ihm in liebevoller kleinstarbeit st\u00e4ndig weitergestalten. Aber seht selbst im Video \ud83d\ude09<br \/>\n<\/b><\/span><\/p>\n<p style=\"text-align: center;\"><a href=\"http:\/\/www2.slot-lions-abstatt.de\/wordpress\/wp-content\/uploads\/2016\/05\/trim.AC794537-212B-453D-B153-603A86E905A2.mov\">Hier geht es zum Bahnvideo!!!<\/a><\/p>\n<p><a href=\"http:\/\/www2.slot-lions-abstatt.de\/wordpress\/wp-content\/uploads\/2016\/05\/trim.AC794537-212B-453D-B153-603A86E905A2.mov\"><img loading=\"lazy\" decoding=\"async\" class=\"aligncenter wp-image-214\" src=\"http:\/\/www2.slot-lions-abstatt.de\/wordpress\/wp-content\/uploads\/2016\/05\/Bahnlayout-300x208.jpg\" alt=\"Bahnlayout\" width=\"365\" height=\"253\" srcset=\"http:\/\/www2.slot-lions-abstatt.de\/wordpress\/wp-content\/uploads\/2016\/05\/Bahnlayout-300x208.jpg 300w, http:\/\/www2.slot-lions-abstatt.de\/wordpress\/wp-content\/uploads\/2016\/05\/Bahnlayout.jpg 656w\" sizes=\"auto, (max-width: 365px) 100vw, 365px\" \/><\/a><\/p>\n<p><span style=\"font-family: Arial;\"><b>Zur Zeit sind wir nat\u00fcrlich auch bei befreundeten Slotbahnen am Werkeln, um Rennen und Rennserien zu fahren, sowie unsere neuen Fahrzeuge auszutesten und zu optimieren.<\/b><\/span><br \/>\n<span style=\"font-family: Arial;\"><b>Man trifft (fast) \u00fcberall auf lauter nette Leute, mit denen man bei einem Bierchen oder auch Wasser &#8220;Benzingespr\u00e4che&#8221; f\u00fchren kann und hin und wieder mal nen guten Tipp bekommt. <\/b><\/span><\/p>\n<p><span style=\"font-family: Arial;\"><b>Auf dieser Homepage wird \u00fcber unser Hobby, den Rennen und News berichtet,<br \/>\nsowie eine Linksammlung von Interessanten Seiten entstehen.<\/b><\/span><\/p>\n<p><span style=\"font-family: Arial;\"><b>Wer Interesse hat sich uns anzuschlie\u00dfen, einfach der Gaudi halber, und mit uns das Hobby Slotracing vorantreiben m\u00f6chte, der kann sich mit uns jederzeit in Verbindung setzen.<\/b><\/span><\/p>\n<div><span style=\"font-family: Arial;\"><b> Eure Slot Lions Abstatt<\/b><\/span><\/div>\n","protected":false},"excerpt":{"rendered":"<p>Sch\u00f6n, dass Ihr hier her gefunden habt! Wir sind eine Interessen Gemeinschaft (IG) in Abstatt bei Heilbronn, die sich als Ziel gesetzt hat in Ihrer Freizeit das Hobby Slotracing, das &hellip; <a href=\"http:\/\/www2.slot-lions-abstatt.de\/wordpress\/\" class=\"more-link\"><span class=\"screen-reader-text\">Die L\u00f6wen!<\/span> weiterlesen <span class=\"meta-nav\">&rarr;<\/span><\/a><\/p>\n","protected":false},"author":1,"featured_media":0,"parent":0,"menu_order":0,"comment_status":"closed","ping_status":"closed","template":"","meta":{"footnotes":""},"class_list":["post-12","page","type-page","status-publish","hentry"],"_links":{"self":[{"href":"http:\/\/www2.slot-lions-abstatt.de\/wordpress\/index.php?rest_route=\/wp\/v2\/pages\/12","targetHints":{"allow":["GET"]}}],"collection":[{"href":"http:\/\/www2.slot-lions-abstatt.de\/wordpress\/index.php?rest_route=\/wp\/v2\/pages"}],"about":[{"href":"http:\/\/www2.slot-lions-abstatt.de\/wordpress\/index.php?rest_route=\/wp\/v2\/types\/page"}],"author":[{"embeddable":true,"href":"http:\/\/www2.slot-lions-abstatt.de\/wordpress\/index.php?rest_route=\/wp\/v2\/users\/1"}],"replies":[{"embeddable":true,"href":"http:\/\/www2.slot-lions-abstatt.de\/wordpress\/index.php?rest_route=%2Fwp%2Fv2%2Fcomments&post=12"}],"version-history":[{"count":12,"href":"http:\/\/www2.slot-lions-abstatt.de\/wordpress\/index.php?rest_route=\/wp\/v2\/pages\/12\/revisions"}],"predecessor-version":[{"id":216,"href":"http:\/\/www2.slot-lions-abstatt.de\/wordpress\/index.php?rest_route=\/wp\/v2\/pages\/12\/revisions\/216"}],"wp:attachment":[{"href":"http:\/\/www2.slot-lions-abstatt.de\/wordpress\/index.php?rest_route=%2Fwp%2Fv2%2Fmedia&parent=12"}],"curies":[{"name":"wp","href":"https:\/\/api.w.org\/{rel}","templated":true}]}}